{"id":146,"date":"2023-06-10T09:48:09","date_gmt":"2023-06-10T12:48:09","guid":{"rendered":"https:\/\/j5transporte.com.br\/?page_id=146"},"modified":"2023-06-10T09:49:03","modified_gmt":"2023-06-10T12:49:03","slug":"canal-de-denuncias","status":"publish","type":"page","link":"https:\/\/j5transporte.com.br\/?page_id=146","title":{"rendered":"Canal de Den\u00fancias"},"content":{"rendered":"\t\t<div data-elementor-type=\"wp-page\" data-elementor-id=\"146\" class=\"elementor elementor-146\" data-elementor-settings=\"[]\">\n\t\t\t\t\t\t\t<div class=\"elementor-section-wrap\">\n\t\t\t\t\t\t\t<section class=\"elementor-section elementor-top-section elementor-element elementor-element-2bc62aca elementor-section-boxed elementor-section-height-default elementor-section-height-default\" data-id=\"2bc62aca\" data-element_type=\"section\">\n\t\t\t\t\t\t<div class=\"elementor-container elementor-column-gap-default\">\n\t\t\t\t\t<div class=\"elementor-column elementor-col-100 elementor-top-column elementor-element elementor-element-208be032\" data-id=\"208be032\" data-element_type=\"column\">\n\t\t\t<div class=\"elementor-widget-wrap elementor-element-populated\">\n\t\t\t\t\t\t\t\t<div class=\"elementor-element elementor-element-5366865 elementor-widget elementor-widget-text-editor\" data-id=\"5366865\" data-element_type=\"widget\" data-widget_type=\"text-editor.default\">\n\t\t\t\t<div class=\"elementor-widget-container\">\n\t\t\t\t\t\t\t<p>D\u00favidas ou den\u00fancias sobre fraudes ou irregularidades que possam resultar em preju\u00edzos nas opera\u00e7\u00f5es da J5 TRANSPORTE DE CARGA, ou quando h\u00e1 descumprimento de dispositivos legais e regulamentares do C\u00f3digo de Conduta e de normas internas da J5 TRANSPORTE DE CARGA.<br \/>A manifesta\u00e7\u00e3o \u00e9 tratada com absoluto sigilo.<br \/>Denuncie preenchendo este question\u00e1rio<\/p>\t\t\t\t\t\t<\/div>\n\t\t\t\t<\/div>\n\t\t\t\t<div class=\"elementor-element elementor-element-8033e5b elementor-widget elementor-widget-spacer\" data-id=\"8033e5b\" data-element_type=\"widget\" data-widget_type=\"spacer.default\">\n\t\t\t\t<div class=\"elementor-widget-container\">\n\t\t\t\t\t<div class=\"elementor-spacer\">\n\t\t\t<div class=\"elementor-spacer-inner\"><\/div>\n\t\t<\/div>\n\t\t\t\t<\/div>\n\t\t\t\t<\/div>\n\t\t\t\t<div class=\"elementor-element elementor-element-551b3fe elementor-widget elementor-widget-text-editor\" data-id=\"551b3fe\" data-element_type=\"widget\" data-widget_type=\"text-editor.default\">\n\t\t\t\t<div class=\"elementor-widget-container\">\n\t\t\t\t\t\t\t<script type=\"text\/javascript\">var gform;gform||(document.addEventListener(\"gform_main_scripts_loaded\",function(){gform.scriptsLoaded=!0}),window.addEventListener(\"DOMContentLoaded\",function(){gform.domLoaded=!0}),gform={domLoaded:!1,scriptsLoaded:!1,initializeOnLoaded:function(o){gform.domLoaded&&gform.scriptsLoaded?o():!gform.domLoaded&&gform.scriptsLoaded?window.addEventListener(\"DOMContentLoaded\",o):document.addEventListener(\"gform_main_scripts_loaded\",o)},hooks:{action:{},filter:{}},addAction:function(o,n,r,t){gform.addHook(\"action\",o,n,r,t)},addFilter:function(o,n,r,t){gform.addHook(\"filter\",o,n,r,t)},doAction:function(o){gform.doHook(\"action\",o,arguments)},applyFilters:function(o){return gform.doHook(\"filter\",o,arguments)},removeAction:function(o,n){gform.removeHook(\"action\",o,n)},removeFilter:function(o,n,r){gform.removeHook(\"filter\",o,n,r)},addHook:function(o,n,r,t,i){null==gform.hooks[o][n]&&(gform.hooks[o][n]=[]);var e=gform.hooks[o][n];null==i&&(i=n+\"_\"+e.length),gform.hooks[o][n].push({tag:i,callable:r,priority:t=null==t?10:t})},doHook:function(n,o,r){var t;if(r=Array.prototype.slice.call(r,1),null!=gform.hooks[n][o]&&((o=gform.hooks[n][o]).sort(function(o,n){return o.priority-n.priority}),o.forEach(function(o){\"function\"!=typeof(t=o.callable)&&(t=window[t]),\"action\"==n?t.apply(null,r):r[0]=t.apply(null,r)})),\"filter\"==n)return r[0]},removeHook:function(o,n,t,i){var r;null!=gform.hooks[o][n]&&(r=(r=gform.hooks[o][n]).filter(function(o,n,r){return!!(null!=i&&i!=o.tag||null!=t&&t!=o.priority)}),gform.hooks[o][n]=r)}});<\/script>\n                <div class='gf_browser_gecko gform_wrapper gravity-theme' id='gform_wrapper_4' ><div id='gf_4' class='gform_anchor' tabindex='-1'><\/div><form method='post' enctype='multipart\/form-data' target='gform_ajax_frame_4' id='gform_4'  action='\/index.php?rest_route=%2Fwp%2Fv2%2Fpages%2F146#gf_4' novalidate>\n                        <div class='gform_body gform-body'><div id='gform_fields_4' class='gform_fields top_label form_sublabel_below description_below'><div id=\"field_4_2\" class=\"gfield gfield--width-full gfield_contains_required field_sublabel_below field_description_below gfield_visibility_visible\" ><label class='gfield_label' for='input_4_2' >1. Qual o motivo de sua d\u00favida ou den\u00fancia?<span class=\"gfield_required\"><span class=\"gfield_required gfield_required_text\">(obrigat\u00f3rio)<\/span><\/span><\/label><div class='ginput_container ginput_container_text'><input name='input_2' id='input_4_2' type='text' value='' class='large'     aria-required=\"true\" aria-invalid=\"false\"   \/> <\/div><\/div><div id=\"field_4_4\" class=\"gfield gfield--width-full gfield_contains_required field_sublabel_below field_description_below gfield_visibility_visible\" ><label class='gfield_label' for='input_4_4' >2. Qual a sua rela\u00e7\u00e3o com a J5?<span class=\"gfield_required\"><span class=\"gfield_required gfield_required_text\">(obrigat\u00f3rio)<\/span><\/span><\/label><div class='ginput_container ginput_container_text'><input name='input_4' id='input_4_4' type='text' value='' class='large'     aria-required=\"true\" aria-invalid=\"false\"   \/> <\/div><\/div><div id=\"field_4_5\" class=\"gfield gfield--width-full gfield_contains_required field_sublabel_below field_description_below gfield_visibility_visible\" ><label class='gfield_label' for='input_4_5' >3. Qual o tipo de den\u00fancia que voc\u00ea est\u00e1 registrando?<span class=\"gfield_required\"><span class=\"gfield_required gfield_required_text\">(obrigat\u00f3rio)<\/span><\/span><\/label><div class='ginput_container ginput_container_text'><input name='input_5' id='input_4_5' type='text' value='' class='large'     aria-required=\"true\" aria-invalid=\"false\"   \/> <\/div><\/div><div id=\"field_4_6\" class=\"gfield gfield--width-full gfield_contains_required field_sublabel_below field_description_below gfield_visibility_visible\" ><label class='gfield_label' for='input_4_6' >4. Indique a cidade onde ocorreu o fato que voc\u00ea est\u00e1 denunciando<span class=\"gfield_required\"><span class=\"gfield_required gfield_required_text\">(obrigat\u00f3rio)<\/span><\/span><\/label><div class='ginput_container ginput_container_text'><input name='input_6' id='input_4_6' type='text' value='' class='large'     aria-required=\"true\" aria-invalid=\"false\"   \/> <\/div><\/div><div id=\"field_4_7\" class=\"gfield gfield--width-full gfield_contains_required field_sublabel_below field_description_below gfield_visibility_visible\" ><label class='gfield_label' for='input_4_7' >5. Indique a empresa\/\u00f3rg\u00e3o e \u00e1rea\/setor onde ocorreu o fato que voc\u00ea est\u00e1 denunciando<span class=\"gfield_required\"><span class=\"gfield_required gfield_required_text\">(obrigat\u00f3rio)<\/span><\/span><\/label><div class='ginput_container ginput_container_text'><input name='input_7' id='input_4_7' type='text' value='' class='large'     aria-required=\"true\" aria-invalid=\"false\"   \/> <\/div><\/div><div id=\"field_4_8\" class=\"gfield gfield--width-full gfield_contains_required field_sublabel_below field_description_below gfield_visibility_visible\" ><label class='gfield_label' for='input_4_8' >6. Como tomou conhecimento deste fato \/ transgress\u00e3o?<span class=\"gfield_required\"><span class=\"gfield_required gfield_required_text\">(obrigat\u00f3rio)<\/span><\/span><\/label><div class='ginput_container ginput_container_text'><input name='input_8' id='input_4_8' type='text' value='' class='large'     aria-required=\"true\" aria-invalid=\"false\"   \/> <\/div><\/div><div id=\"field_4_9\" class=\"gfield gfield--width-full gfield_contains_required field_sublabel_below field_description_below gfield_visibility_visible\" ><label class='gfield_label' for='input_4_9' >7. Voc\u00ea sabe se algum diretor, gerente, coordenador, supervisor, ou chefia est\u00e1 CIENTE do problema relatado?<span class=\"gfield_required\"><span class=\"gfield_required gfield_required_text\">(obrigat\u00f3rio)<\/span><\/span><\/label><div class='ginput_container ginput_container_text'><input name='input_9' id='input_4_9' type='text' value='' class='large'     aria-required=\"true\" aria-invalid=\"false\"   \/> <\/div><\/div><div id=\"field_4_10\" class=\"gfield gfield--width-full gfield_contains_required field_sublabel_below field_description_below gfield_visibility_visible\" ><label class='gfield_label' for='input_4_10' >8. Voc\u00ea sabe se algum diretor, gerente, coordenador, supervisor, ou chefia est\u00e1 ENVOLVIDO diretamente no fato relatado?<span class=\"gfield_required\"><span class=\"gfield_required gfield_required_text\">(obrigat\u00f3rio)<\/span><\/span><\/label><div class='ginput_container ginput_container_text'><input name='input_10' id='input_4_10' type='text' value='' class='large'     aria-required=\"true\" aria-invalid=\"false\"   \/> <\/div><\/div><div id=\"field_4_11\" class=\"gfield gfield--width-full gfield_contains_required field_sublabel_below field_description_below gfield_visibility_visible\" ><label class='gfield_label' for='input_4_11' >9. Voc\u00ea sabe se algum(ns) diretor(es), gerente(s), coordenador(es), supervisor(es), ou chefia(s) tentou(ram) ESCONDER o problema relatado?<span class=\"gfield_required\"><span class=\"gfield_required gfield_required_text\">(obrigat\u00f3rio)<\/span><\/span><\/label><div class='ginput_container ginput_container_text'><input name='input_11' id='input_4_11' type='text' value='' class='large'     aria-required=\"true\" aria-invalid=\"false\"   \/> <\/div><\/div><div id=\"field_4_12\" class=\"gfield gfield--width-full gfield_contains_required field_sublabel_below field_description_below gfield_visibility_visible\" ><label class='gfield_label' for='input_4_12' >10. O que voc\u00ea quer denunciar? Descreva o mais detalhadamente poss\u00edvel o que aconteceu, indicando o nome(s) da(s) pessoa(s) que est\u00e1(\u00e3o) envolvida(s), bem como quando o fato ocorreu e se ainda continua ocorrendo.<span class=\"gfield_required\"><span class=\"gfield_required gfield_required_text\">(obrigat\u00f3rio)<\/span><\/span><\/label><div class='ginput_container ginput_container_text'><input name='input_12' id='input_4_12' type='text' value='' class='large'     aria-required=\"true\" aria-invalid=\"false\"   \/> <\/div><\/div><div id=\"field_4_13\" class=\"gfield gfield--width-full gfield_contains_required field_sublabel_below field_description_below gfield_visibility_visible\" ><label class='gfield_label' for='input_4_13' >11. Existem testemunhas? Em caso positivo, indique-as.<span class=\"gfield_required\"><span class=\"gfield_required gfield_required_text\">(obrigat\u00f3rio)<\/span><\/span><\/label><div class='ginput_container ginput_container_text'><input name='input_13' id='input_4_13' type='text' value='' class='large'     aria-required=\"true\" aria-invalid=\"false\"   \/> <\/div><\/div><div id=\"field_4_14\" class=\"gfield gfield--width-full gfield_contains_required field_sublabel_below field_description_below gfield_visibility_visible\" ><label class='gfield_label' for='input_4_14' >12. Voc\u00ea sabe se existem evid\u00eancias sobre o fato? Em caso positivo, indique-as.<span class=\"gfield_required\"><span class=\"gfield_required gfield_required_text\">(obrigat\u00f3rio)<\/span><\/span><\/label><div class='ginput_container ginput_container_text'><input name='input_14' id='input_4_14' type='text' value='' class='large'     aria-required=\"true\" aria-invalid=\"false\"   \/> <\/div><\/div><div id=\"field_4_15\" class=\"gfield gfield--width-full gfield_contains_required field_sublabel_below field_description_below gfield_visibility_visible\" ><label class='gfield_label' for='input_4_15' >13. Quais e em que lugar(es) podem ser encontradas evid\u00eancias sobre o fato denunciado?<span class=\"gfield_required\"><span class=\"gfield_required gfield_required_text\">(obrigat\u00f3rio)<\/span><\/span><\/label><div class='ginput_container ginput_container_text'><input name='input_15' id='input_4_15' type='text' value='' class='large'     aria-required=\"true\" aria-invalid=\"false\"   \/> <\/div><\/div><div id=\"field_4_16\" class=\"gfield gfield--width-full gfield_contains_required field_sublabel_below field_description_below gfield_visibility_visible\" ><label class='gfield_label' for='input_4_16' >14. Existem documentos que comprovam esse fato? Em caso positivo, onde podem ser encontrados? Especifique da forma mais detalhada poss\u00edvel. Lembre-se: qualquer informa\u00e7\u00e3o pode ser \u00fatil, por mais irrelevante que ela pare\u00e7a para voc\u00ea. ATEN\u00c7\u00c3O: N\u00c3O REMOVA OU TOME CONTATO COM QUALQUER EVID\u00caNCIA OU PROVA, POIS A INVESTIGA\u00c7\u00c3O PODE SER PREJUDICADA.<span class=\"gfield_required\"><span class=\"gfield_required gfield_required_text\">(obrigat\u00f3rio)<\/span><\/span><\/label><div class='ginput_container ginput_container_text'><input name='input_16' id='input_4_16' type='text' value='' class='large'     aria-required=\"true\" aria-invalid=\"false\"   \/> <\/div><\/div><div id=\"field_4_17\" class=\"gfield gfield--width-full gfield_contains_required field_sublabel_below field_description_below gfield_visibility_visible\" ><label class='gfield_label' for='input_4_17' >15. Caso seja poss\u00edvel, indique o valor financeiro envolvido no fato relatado<span class=\"gfield_required\"><span class=\"gfield_required gfield_required_text\">(obrigat\u00f3rio)<\/span><\/span><\/label><div class='ginput_container ginput_container_text'><input name='input_17' id='input_4_17' type='text' value='' class='large'     aria-required=\"true\" aria-invalid=\"false\"   \/> <\/div><\/div><div id=\"field_4_18\" class=\"gfield gfield--width-full gfield_contains_required field_sublabel_below field_description_below gfield_visibility_visible\" ><label class='gfield_label' for='input_4_18' >16. Caso voc\u00ea tenha alguma sugest\u00e3o de como solucionar o problema, descreva-a<span class=\"gfield_required\"><span class=\"gfield_required gfield_required_text\">(obrigat\u00f3rio)<\/span><\/span><\/label><div class='ginput_container ginput_container_text'><input name='input_18' id='input_4_18' type='text' value='' class='large'     aria-required=\"true\" aria-invalid=\"false\"   \/> <\/div><\/div><div id=\"field_4_20\" class=\"gfield gfield--width-full field_sublabel_below field_description_below gfield_visibility_visible\" ><label class='gfield_label screen-reader-text' for='input_4_20' >Ao preencher o formul\u00e1rio, voc\u00ea concorda que a Contato Seguro salve e envie as informa\u00e7\u00f5es prestadas \u00e0 empresa\/organiza\u00e7\u00e3o contratante de seus servi\u00e7os, possibilitando que medidas sejam tomadas a partir da an\u00e1lise do conte\u00fado de suas respostas.<\/label><div class='ginput_container ginput_container_fileupload'><input type='hidden' name='MAX_FILE_SIZE' value='1610612736' \/><input name='input_20' id='input_4_20' type='file' class='large' aria-describedby=\"gfield_upload_rules_4_20 gfield_description_4_20\" onchange='javascript:gformValidateFileSize( this, 1610612736 );'  \/><span class='gform_fileupload_rules' id='gfield_upload_rules_4_20'>M\u00e1x. tamanho do arquivo: 2 GB.<\/span><div class='validation_message validation_message--hidden-on-empty' id='live_validation_message_4_20'><\/div><\/div><div class='gfield_description' id='gfield_description_4_20'>Ao preencher o formul\u00e1rio, voc\u00ea concorda que a Contato Seguro salve e envie as informa\u00e7\u00f5es prestadas \u00e0 empresa\/organiza\u00e7\u00e3o contratante de seus servi\u00e7os, possibilitando que medidas sejam tomadas a partir da an\u00e1lise do conte\u00fado de suas respostas.<\/div><\/div><div id=\"field_4_19\" class=\"gfield gfield--width-full field_sublabel_below field_description_below gfield_visibility_visible\" ><label class='gfield_label screen-reader-text' for='input_4_19' ><\/label><div id='input_4_19' class='ginput_container ginput_recaptcha' data-sitekey='6LefQGUmAAAAAP3FAlwGEMLVhni1_R-oZLLHEXZq'  data-theme='light' data-tabindex='-1' data-size='invisible' data-badge='bottomright'><\/div><\/div><\/div><\/div>\n        <div class='gform_footer top_label'> <input type='submit' id='gform_submit_button_4' class='gform_button button' value='Enviar'  onclick='if(window[\"gf_submitting_4\"]){return false;}  if( !jQuery(\"#gform_4\")[0].checkValidity || jQuery(\"#gform_4\")[0].checkValidity()){window[\"gf_submitting_4\"]=true;}  ' onkeypress='if( event.keyCode == 13 ){ if(window[\"gf_submitting_4\"]){return false;} if( !jQuery(\"#gform_4\")[0].checkValidity || jQuery(\"#gform_4\")[0].checkValidity()){window[\"gf_submitting_4\"]=true;}  jQuery(\"#gform_4\").trigger(\"submit\",[true]); }' \/> <input type='hidden' name='gform_ajax' value='form_id=4&amp;title=&amp;description=&amp;tabindex=0' \/>\n            <input type='hidden' class='gform_hidden' name='is_submit_4' value='1' \/>\n            <input type='hidden' class='gform_hidden' name='gform_submit' value='4' \/>\n            \n            <input type='hidden' class='gform_hidden' name='gform_unique_id' value='' \/>\n            <input type='hidden' class='gform_hidden' name='state_4' value='WyJbXSIsIjAxYzcwM2ZhZDU5OTNmNmMzYjk3NjIwY2FiZjdkZjg5Il0=' \/>\n            <input type='hidden' class='gform_hidden' name='gform_target_page_number_4' id='gform_target_page_number_4' value='0' \/>\n            <input type='hidden' class='gform_hidden' name='gform_source_page_number_4' id='gform_source_page_number_4' value='1' \/>\n            <input type='hidden' name='gform_field_values' value='' \/>\n            \n        <\/div>\n                        <\/form>\n                        <\/div>\n                <iframe style='display:none;width:0px;height:0px;' src='about:blank' name='gform_ajax_frame_4' id='gform_ajax_frame_4' title='Este iframe cont\u00e9m a l\u00f3gica necess\u00e1ria para manusear os formul\u00e1rios Gravity Forms movidos a AJAX.'><\/iframe>\n                <script type=\"text\/javascript\">\n\/* <![CDATA[ *\/\n gform.initializeOnLoaded( function() {gformInitSpinner( 4, 'https:\/\/j5transporte.com.br\/wp-content\/plugins\/gravityforms\/images\/spinner.svg' );jQuery('#gform_ajax_frame_4').on('load',function(){var contents = jQuery(this).contents().find('*').html();var is_postback = contents.indexOf('GF_AJAX_POSTBACK') >= 0;if(!is_postback){return;}var form_content = jQuery(this).contents().find('#gform_wrapper_4');var is_confirmation = jQuery(this).contents().find('#gform_confirmation_wrapper_4').length > 0;var is_redirect = contents.indexOf('gformRedirect(){') >= 0;var is_form = form_content.length > 0 && ! is_redirect && ! is_confirmation;var mt = parseInt(jQuery('html').css('margin-top'), 10) + parseInt(jQuery('body').css('margin-top'), 10) + 100;if(is_form){jQuery('#gform_wrapper_4').html(form_content.html());if(form_content.hasClass('gform_validation_error')){jQuery('#gform_wrapper_4').addClass('gform_validation_error');} else {jQuery('#gform_wrapper_4').removeClass('gform_validation_error');}setTimeout( function() { \/* delay the scroll by 50 milliseconds to fix a bug in chrome *\/ jQuery(document).scrollTop(jQuery('#gform_wrapper_4').offset().top - mt); }, 50 );if(window['gformInitDatepicker']) {gformInitDatepicker();}if(window['gformInitPriceFields']) {gformInitPriceFields();}var current_page = jQuery('#gform_source_page_number_4').val();gformInitSpinner( 4, 'https:\/\/j5transporte.com.br\/wp-content\/plugins\/gravityforms\/images\/spinner.svg' );jQuery(document).trigger('gform_page_loaded', [4, current_page]);window['gf_submitting_4'] = false;}else if(!is_redirect){var confirmation_content = jQuery(this).contents().find('.GF_AJAX_POSTBACK').html();if(!confirmation_content){confirmation_content = contents;}setTimeout(function(){jQuery('#gform_wrapper_4').replaceWith(confirmation_content);jQuery(document).scrollTop(jQuery('#gf_4').offset().top - mt);jQuery(document).trigger('gform_confirmation_loaded', [4]);window['gf_submitting_4'] = false;wp.a11y.speak(jQuery('#gform_confirmation_message_4').text());}, 50);}else{jQuery('#gform_4').append(contents);if(window['gformRedirect']) {gformRedirect();}}jQuery(document).trigger('gform_post_render', [4, current_page]);} );} ); \n\/* ]]> *\/\n<\/script>\n\t\t\t\t\t\t<\/div>\n\t\t\t\t<\/div>\n\t\t\t\t\t<\/div>\n\t\t<\/div>\n\t\t\t\t\t\t\t<\/div>\n\t\t<\/section>\n\t\t\t\t\t\t<\/div>\n\t\t\t\t\t<\/div>\n\t\t","protected":false},"excerpt":{"rendered":"<p>D\u00favidas ou den\u00fancias sobre fraudes ou irregularidades que possam resultar em preju\u00edzos nas opera\u00e7\u00f5es da J5 TRANSPORTE DE CARGA, ou quando h\u00e1 descumprimento de dispositivos legais e regulamentares do C\u00f3digo de Conduta e de normas internas da J5 TRANSPORTE DE CARGA.A manifesta\u00e7\u00e3o \u00e9 tratada com absoluto sigilo.Denuncie preenchendo este question\u00e1rio<\/p>\n","protected":false},"author":1,"featured_media":0,"parent":0,"menu_order":0,"comment_status":"closed","ping_status":"closed","template":"","meta":{"footnotes":""},"_links":{"self":[{"href":"https:\/\/j5transporte.com.br\/index.php?rest_route=\/wp\/v2\/pages\/146"}],"collection":[{"href":"https:\/\/j5transporte.com.br\/index.php?rest_route=\/wp\/v2\/pages"}],"about":[{"href":"https:\/\/j5transporte.com.br\/index.php?rest_route=\/wp\/v2\/types\/page"}],"author":[{"embeddable":true,"href":"https:\/\/j5transporte.com.br\/index.php?rest_route=\/wp\/v2\/users\/1"}],"replies":[{"embeddable":true,"href":"https:\/\/j5transporte.com.br\/index.php?rest_route=%2Fwp%2Fv2%2Fcomments&post=146"}],"version-history":[{"count":4,"href":"https:\/\/j5transporte.com.br\/index.php?rest_route=\/wp\/v2\/pages\/146\/revisions"}],"predecessor-version":[{"id":151,"href":"https:\/\/j5transporte.com.br\/index.php?rest_route=\/wp\/v2\/pages\/146\/revisions\/151"}],"wp:attachment":[{"href":"https:\/\/j5transporte.com.br\/index.php?rest_route=%2Fwp%2Fv2%2Fmedia&parent=146"}],"curies":[{"name":"wp","href":"https:\/\/api.w.org\/{rel}","templated":true}]}}